{"id":6867,"date":"2025-09-29T12:05:29","date_gmt":"2025-09-29T10:05:29","guid":{"rendered":"https:\/\/cavedivinea.com\/boutique\/our-charlotte-signature-gift-set\/"},"modified":"2025-10-24T08:43:51","modified_gmt":"2025-10-24T06:43:51","slug":"our-charlotte-signature-gift-set","status":"publish","type":"product","link":"https:\/\/cavedivinea.com\/en\/boutique\/our-charlotte-signature-gift-set\/","title":{"rendered":"Our Charlotte Signature Gift Set"},"content":{"rendered":"<p>Champagne Mo\u00ebt &amp; Chandon R\u00e9serve Imp\u00e9riale 75cl<\/p>\n<p>Bottle of red wine 75cl<\/p>\n<p>Bottle of white wine 75cl<\/p>\n<p>Fois gras Besse 180g<\/p>\n<p>Fig Chutney 50g<\/p>\n<p>Torres Black Truffle Chips 40g<\/p>\n<p>Truffle, olive and mushroom spread 80g<\/p>\n<p>Box of 4 chocolate gummy bears 36g<\/p>\n<p>Milk chocolate hazelnuts 40g<\/p>\n<p>Divin\u00e9a Premium Gift Set<\/p>\n","protected":false},"excerpt":{"rendered":"<p>Champagne Mo\u00ebt &amp; Chandon R\u00e9serve Imp\u00e9riale 75cl<\/p>\n<p>Bottle of red wine 75cl<\/p>\n<p>Bottle of white wine 75cl<\/p>\n<p>Fois gras Besse 180g<\/p>\n<p>Fig Chutney 50g<\/p>\n<p>Torres Black Truffle Chips 40g<\/p>\n<p>Truffle, olive and mushroom spread 80g<\/p>\n<p>Box of 4 chocolate gummy bears 36g<\/p>\n<p>Milk chocolate hazelnuts 40g<\/p>\n<p>Divin\u00e9a Premium Gift Set<\/p>\n","protected":false},"featured_media":6866,"comment_status":"closed","ping_status":"closed","template":"","format":[],"meta":{"_acf_changed":false,"_joinchat":[]},"color":[],"maison":[],"millesime":[],"pays":[],"region":[],"drink_type":[],"product_brand":[],"product_cat":[191],"product_tag":[],"class_list":{"0":"post-6867","1":"product","2":"type-product","3":"status-publish","4":"has-post-thumbnail","6":"product_cat-christmas-collection","8":"first","9":"instock","10":"sale","11":"taxable","12":"shipping-taxable","13":"purchasable","14":"product-type-bundle"},"bundled_by":[],"bundle_stock_status":"instock","bundle_stock_quantity":"","bundle_virtual":false,"bundle_layout":"default","bundle_add_to_cart_form_location":"default","bundle_editable_in_cart":false,"bundle_sold_individually_context":"product","bundle_item_grouping":"parent","bundle_min_size":"","bundle_max_size":"","bundle_price":{"price":{"min":{"incl_tax":"177","excl_tax":"147.47"},"max":{"incl_tax":"177","excl_tax":"147.47"}},"regular_price":{"min":{"incl_tax":"189","excl_tax":"157.51"},"max":{"incl_tax":"189","excl_tax":"157.51"}}},"bundled_items":[{"bundled_item_id":10,"product_id":7347,"menu_order":0,"quantity_min":1,"quantity_max":1,"quantity_default":1,"priced_individually":true,"shipped_individually":false,"override_title":false,"title":"Mo\u00ebt &amp; Chandon Champagne bottle","override_description":false,"description":"Mo\u00ebt &amp; Chandon Champagne bottle","optional":false,"hide_thumbnail":false,"discount":"6.35","override_variations":false,"allowed_variations":[""],"override_default_variation_attributes":false,"default_variation_attributes":[],"single_product_visibility":"hidden","cart_visibility":"hidden","order_visibility":"hidden","single_product_price_visibility":"hidden","cart_price_visibility":"hidden","order_price_visibility":"hidden","stock_status":"in_stock"},{"bundled_item_id":21,"product_id":7355,"menu_order":1,"quantity_min":1,"quantity_max":1,"quantity_default":1,"priced_individually":true,"shipped_individually":false,"override_title":false,"title":"Bottle of Folie Sauvage Wine","override_description":false,"description":"Bottle of Folie Sauvage Wine","optional":false,"hide_thumbnail":false,"discount":"6.35","override_variations":false,"allowed_variations":[""],"override_default_variation_attributes":false,"default_variation_attributes":[],"single_product_visibility":"hidden","cart_visibility":"hidden","order_visibility":"hidden","single_product_price_visibility":"visible","cart_price_visibility":"visible","order_price_visibility":"visible","stock_status":"in_stock"},{"bundled_item_id":22,"product_id":7353,"menu_order":2,"quantity_min":1,"quantity_max":1,"quantity_default":1,"priced_individually":true,"shipped_individually":false,"override_title":false,"title":"Bottle of Sancerre","override_description":false,"description":"Bottle of Sancerre","optional":false,"hide_thumbnail":false,"discount":"6.35","override_variations":false,"allowed_variations":[""],"override_default_variation_attributes":false,"default_variation_attributes":[],"single_product_visibility":"hidden","cart_visibility":"hidden","order_visibility":"hidden","single_product_price_visibility":"visible","cart_price_visibility":"visible","order_price_visibility":"visible","stock_status":"in_stock"},{"bundled_item_id":13,"product_id":6967,"menu_order":3,"quantity_min":1,"quantity_max":1,"quantity_default":1,"priced_individually":true,"shipped_individually":false,"override_title":false,"title":"Foie Gras","override_description":false,"description":"Foie Gras","optional":false,"hide_thumbnail":false,"discount":"6.35","override_variations":false,"allowed_variations":[""],"override_default_variation_attributes":false,"default_variation_attributes":[],"single_product_visibility":"hidden","cart_visibility":"hidden","order_visibility":"hidden","single_product_price_visibility":"visible","cart_price_visibility":"visible","order_price_visibility":"visible","stock_status":"in_stock"},{"bundled_item_id":14,"product_id":6958,"menu_order":4,"quantity_min":1,"quantity_max":1,"quantity_default":1,"priced_individually":true,"shipped_individually":false,"override_title":false,"title":"Chutney","override_description":false,"description":"Chutney","optional":false,"hide_thumbnail":false,"discount":"6.35","override_variations":false,"allowed_variations":[""],"override_default_variation_attributes":false,"default_variation_attributes":[],"single_product_visibility":"hidden","cart_visibility":"hidden","order_visibility":"hidden","single_product_price_visibility":"visible","cart_price_visibility":"visible","order_price_visibility":"visible","stock_status":"in_stock"},{"bundled_item_id":15,"product_id":6970,"menu_order":5,"quantity_min":1,"quantity_max":1,"quantity_default":1,"priced_individually":true,"shipped_individually":false,"override_title":false,"title":"Truffle chips","override_description":false,"description":"Truffle chips","optional":false,"hide_thumbnail":false,"discount":"6.35","override_variations":false,"allowed_variations":[""],"override_default_variation_attributes":false,"default_variation_attributes":[],"single_product_visibility":"hidden","cart_visibility":"hidden","order_visibility":"hidden","single_product_price_visibility":"visible","cart_price_visibility":"visible","order_price_visibility":"visible","stock_status":"in_stock"},{"bundled_item_id":16,"product_id":6961,"menu_order":6,"quantity_min":1,"quantity_max":1,"quantity_default":1,"priced_individually":true,"shipped_individually":false,"override_title":false,"title":"Tartufata Truffle","override_description":false,"description":"Tartufata Truffle","optional":false,"hide_thumbnail":false,"discount":"6.35","override_variations":false,"allowed_variations":[""],"override_default_variation_attributes":false,"default_variation_attributes":[],"single_product_visibility":"hidden","cart_visibility":"hidden","order_visibility":"hidden","single_product_price_visibility":"visible","cart_price_visibility":"visible","order_price_visibility":"visible","stock_status":"in_stock"},{"bundled_item_id":17,"product_id":6941,"menu_order":7,"quantity_min":1,"quantity_max":1,"quantity_default":1,"priced_individually":true,"shipped_individually":false,"override_title":false,"title":"La Maison Des Oursons","override_description":false,"description":"La Maison Des Oursons","optional":false,"hide_thumbnail":false,"discount":"6.39","override_variations":false,"allowed_variations":[""],"override_default_variation_attributes":false,"default_variation_attributes":[],"single_product_visibility":"hidden","cart_visibility":"hidden","order_visibility":"hidden","single_product_price_visibility":"visible","cart_price_visibility":"visible","order_price_visibility":"visible","stock_status":"in_stock"},{"bundled_item_id":18,"product_id":6792,"menu_order":8,"quantity_min":1,"quantity_max":1,"quantity_default":1,"priced_individually":true,"shipped_individually":false,"override_title":false,"title":"Bonbonni\u00e8re metal\/hazelnut coated with milk chocolate","override_description":false,"description":"Bonbonni\u00e8re metal\/hazelnut coated with milk chocolate","optional":false,"hide_thumbnail":false,"discount":"6.35","override_variations":false,"allowed_variations":[""],"override_default_variation_attributes":false,"default_variation_attributes":[],"single_product_visibility":"hidden","cart_visibility":"hidden","order_visibility":"hidden","single_product_price_visibility":"visible","cart_price_visibility":"visible","order_price_visibility":"visible","stock_status":"in_stock"},{"bundled_item_id":171,"product_id":7806,"menu_order":9,"quantity_min":1,"quantity_max":1,"quantity_default":1,"priced_individually":true,"shipped_individually":false,"override_title":false,"title":"Divin\u00e9a set","override_description":false,"description":"Divin\u00e9a set","optional":false,"hide_thumbnail":false,"discount":"6.39","override_variations":false,"allowed_variations":[""],"override_default_variation_attributes":false,"default_variation_attributes":[],"single_product_visibility":"hidden","cart_visibility":"hidden","order_visibility":"hidden","single_product_price_visibility":"visible","cart_price_visibility":"visible","order_price_visibility":"visible","stock_status":"in_stock"}],"bundle_sell_ids":[],"acf":[],"_links":{"self":[{"href":"https:\/\/cavedivinea.com\/en\/wp-json\/wp\/v2\/product\/6867","targetHints":{"allow":["GET"]}}],"collection":[{"href":"https:\/\/cavedivinea.com\/en\/wp-json\/wp\/v2\/product"}],"about":[{"href":"https:\/\/cavedivinea.com\/en\/wp-json\/wp\/v2\/types\/product"}],"replies":[{"embeddable":true,"href":"https:\/\/cavedivinea.com\/en\/wp-json\/wp\/v2\/comments?post=6867"}],"wp:featuredmedia":[{"embeddable":true,"href":"https:\/\/cavedivinea.com\/en\/wp-json\/wp\/v2\/media\/6866"}],"wp:attachment":[{"href":"https:\/\/cavedivinea.com\/en\/wp-json\/wp\/v2\/media?parent=6867"}],"wp:term":[{"taxonomy":"color","embeddable":true,"href":"https:\/\/cavedivinea.com\/en\/wp-json\/wp\/v2\/color?post=6867"},{"taxonomy":"format","embeddable":true,"href":"https:\/\/cavedivinea.com\/en\/wp-json\/wp\/v2\/format?post=6867"},{"taxonomy":"maison","embeddable":true,"href":"https:\/\/cavedivinea.com\/en\/wp-json\/wp\/v2\/maison?post=6867"},{"taxonomy":"millesime","embeddable":true,"href":"https:\/\/cavedivinea.com\/en\/wp-json\/wp\/v2\/millesime?post=6867"},{"taxonomy":"pays","embeddable":true,"href":"https:\/\/cavedivinea.com\/en\/wp-json\/wp\/v2\/pays?post=6867"},{"taxonomy":"region","embeddable":true,"href":"https:\/\/cavedivinea.com\/en\/wp-json\/wp\/v2\/region?post=6867"},{"taxonomy":"drink_type","embeddable":true,"href":"https:\/\/cavedivinea.com\/en\/wp-json\/wp\/v2\/drink_type?post=6867"},{"taxonomy":"product_brand","embeddable":true,"href":"https:\/\/cavedivinea.com\/en\/wp-json\/wp\/v2\/product_brand?post=6867"},{"taxonomy":"product_cat","embeddable":true,"href":"https:\/\/cavedivinea.com\/en\/wp-json\/wp\/v2\/product_cat?post=6867"},{"taxonomy":"product_tag","embeddable":true,"href":"https:\/\/cavedivinea.com\/en\/wp-json\/wp\/v2\/product_tag?post=6867"}],"curies":[{"name":"wp","href":"https:\/\/api.w.org\/{rel}","templated":true}]}}