{"id":6846,"date":"2025-09-29T11:14:09","date_gmt":"2025-09-29T09:14:09","guid":{"rendered":"https:\/\/cavedivinea.com\/boutique\/alcohol-free-aperitif\/"},"modified":"2025-10-24T10:29:12","modified_gmt":"2025-10-24T08:29:12","slug":"alcohol-free-aperitif","status":"publish","type":"product","link":"https:\/\/cavedivinea.com\/en\/boutique\/alcohol-free-aperitif\/","title":{"rendered":"Alcohol-free aperitif"},"content":{"rendered":"<p>Bottle of Cocktails Five by L&#8217;Alchimiste 50 cl (alcohol-free)<\/p>\n<p>Dried Tomato Goat Cheese Delight 90g<\/p>\n<p>Gouda puff pastry cookies 50g<\/p>\n<p>Torres Black Truffle Chips 40g<\/p>\n<p>Divin\u00e9a Premium Gift Set<\/p>\n","protected":false},"excerpt":{"rendered":"<p>Five by L&#8217;Alchimiste Cocktail Bottle<\/p>\n<p>Goat&#8217;s cheese delight with sun-dried tomatoes<\/p>\n<p>Gouda puff pastry cookies<\/p>\n<p>Torres black truffle chips<\/p>\n<p>Divin\u00e9a Premium Gift Set<\/p>\n","protected":false},"featured_media":6845,"comment_status":"closed","ping_status":"closed","template":"","format":[],"meta":{"_acf_changed":false,"_joinchat":[]},"color":[],"maison":[],"millesime":[],"pays":[],"region":[],"drink_type":[],"product_brand":[],"product_cat":[191],"product_tag":[],"class_list":{"0":"post-6846","1":"product","2":"type-product","3":"status-publish","4":"has-post-thumbnail","6":"product_cat-christmas-collection","8":"first","9":"instock","10":"sale","11":"taxable","12":"shipping-taxable","13":"purchasable","14":"product-type-bundle"},"bundled_by":[],"bundle_stock_status":"instock","bundle_stock_quantity":"","bundle_virtual":false,"bundle_layout":"default","bundle_add_to_cart_form_location":"default","bundle_editable_in_cart":false,"bundle_sold_individually_context":"product","bundle_item_grouping":"parent","bundle_min_size":"","bundle_max_size":"","bundle_price":{"price":{"min":{"incl_tax":"49","excl_tax":"40.84"},"max":{"incl_tax":"49","excl_tax":"40.84"}},"regular_price":{"min":{"incl_tax":"53.8","excl_tax":"44.84"},"max":{"incl_tax":"53.8","excl_tax":"44.84"}}},"bundled_items":[{"bundled_item_id":116,"product_id":7342,"menu_order":0,"quantity_min":1,"quantity_max":1,"quantity_default":1,"priced_individually":true,"shipped_individually":false,"override_title":false,"title":"Five Cocktail Bottle","override_description":false,"description":"Five Cocktail Bottle","optional":false,"hide_thumbnail":false,"discount":"8.92","override_variations":false,"allowed_variations":[""],"override_default_variation_attributes":false,"default_variation_attributes":[],"single_product_visibility":"hidden","cart_visibility":"hidden","order_visibility":"hidden","single_product_price_visibility":"visible","cart_price_visibility":"visible","order_price_visibility":"visible","stock_status":"in_stock"},{"bundled_item_id":117,"product_id":6930,"menu_order":1,"quantity_min":1,"quantity_max":1,"quantity_default":1,"priced_individually":true,"shipped_individually":false,"override_title":false,"title":"D\u00e9lice De Ch\u00e8vre","override_description":false,"description":"D\u00e9lice De Ch\u00e8vre","optional":false,"hide_thumbnail":false,"discount":"8.92","override_variations":false,"allowed_variations":[""],"override_default_variation_attributes":false,"default_variation_attributes":[],"single_product_visibility":"hidden","cart_visibility":"hidden","order_visibility":"hidden","single_product_price_visibility":"visible","cart_price_visibility":"visible","order_price_visibility":"visible","stock_status":"in_stock"},{"bundled_item_id":118,"product_id":6956,"menu_order":2,"quantity_min":1,"quantity_max":1,"quantity_default":1,"priced_individually":true,"shipped_individually":false,"override_title":false,"title":"Mini Biscuits","override_description":false,"description":"Mini Biscuits","optional":false,"hide_thumbnail":false,"discount":"8.92","override_variations":false,"allowed_variations":[""],"override_default_variation_attributes":false,"default_variation_attributes":[],"single_product_visibility":"hidden","cart_visibility":"hidden","order_visibility":"hidden","single_product_price_visibility":"visible","cart_price_visibility":"visible","order_price_visibility":"visible","stock_status":"in_stock"},{"bundled_item_id":119,"product_id":6970,"menu_order":3,"quantity_min":1,"quantity_max":1,"quantity_default":1,"priced_individually":true,"shipped_individually":false,"override_title":false,"title":"Truffle chips","override_description":false,"description":"Truffle chips","optional":false,"hide_thumbnail":false,"discount":"8.92","override_variations":false,"allowed_variations":[""],"override_default_variation_attributes":false,"default_variation_attributes":[],"single_product_visibility":"hidden","cart_visibility":"hidden","order_visibility":"hidden","single_product_price_visibility":"visible","cart_price_visibility":"visible","order_price_visibility":"visible","stock_status":"in_stock"},{"bundled_item_id":193,"product_id":7806,"menu_order":4,"quantity_min":1,"quantity_max":1,"quantity_default":1,"priced_individually":true,"shipped_individually":false,"override_title":false,"title":"Divin\u00e9a set","override_description":false,"description":"Divin\u00e9a set","optional":false,"hide_thumbnail":false,"discount":"8.95","override_variations":false,"allowed_variations":[""],"override_default_variation_attributes":false,"default_variation_attributes":[],"single_product_visibility":"hidden","cart_visibility":"hidden","order_visibility":"hidden","single_product_price_visibility":"visible","cart_price_visibility":"visible","order_price_visibility":"visible","stock_status":"in_stock"}],"bundle_sell_ids":[],"acf":[],"_links":{"self":[{"href":"https:\/\/cavedivinea.com\/en\/wp-json\/wp\/v2\/product\/6846","targetHints":{"allow":["GET"]}}],"collection":[{"href":"https:\/\/cavedivinea.com\/en\/wp-json\/wp\/v2\/product"}],"about":[{"href":"https:\/\/cavedivinea.com\/en\/wp-json\/wp\/v2\/types\/product"}],"replies":[{"embeddable":true,"href":"https:\/\/cavedivinea.com\/en\/wp-json\/wp\/v2\/comments?post=6846"}],"wp:featuredmedia":[{"embeddable":true,"href":"https:\/\/cavedivinea.com\/en\/wp-json\/wp\/v2\/media\/6845"}],"wp:attachment":[{"href":"https:\/\/cavedivinea.com\/en\/wp-json\/wp\/v2\/media?parent=6846"}],"wp:term":[{"taxonomy":"color","embeddable":true,"href":"https:\/\/cavedivinea.com\/en\/wp-json\/wp\/v2\/color?post=6846"},{"taxonomy":"format","embeddable":true,"href":"https:\/\/cavedivinea.com\/en\/wp-json\/wp\/v2\/format?post=6846"},{"taxonomy":"maison","embeddable":true,"href":"https:\/\/cavedivinea.com\/en\/wp-json\/wp\/v2\/maison?post=6846"},{"taxonomy":"millesime","embeddable":true,"href":"https:\/\/cavedivinea.com\/en\/wp-json\/wp\/v2\/millesime?post=6846"},{"taxonomy":"pays","embeddable":true,"href":"https:\/\/cavedivinea.com\/en\/wp-json\/wp\/v2\/pays?post=6846"},{"taxonomy":"region","embeddable":true,"href":"https:\/\/cavedivinea.com\/en\/wp-json\/wp\/v2\/region?post=6846"},{"taxonomy":"drink_type","embeddable":true,"href":"https:\/\/cavedivinea.com\/en\/wp-json\/wp\/v2\/drink_type?post=6846"},{"taxonomy":"product_brand","embeddable":true,"href":"https:\/\/cavedivinea.com\/en\/wp-json\/wp\/v2\/product_brand?post=6846"},{"taxonomy":"product_cat","embeddable":true,"href":"https:\/\/cavedivinea.com\/en\/wp-json\/wp\/v2\/product_cat?post=6846"},{"taxonomy":"product_tag","embeddable":true,"href":"https:\/\/cavedivinea.com\/en\/wp-json\/wp\/v2\/product_tag?post=6846"}],"curies":[{"name":"wp","href":"https:\/\/api.w.org\/{rel}","templated":true}]}}