{"id":6842,"date":"2025-09-29T11:10:43","date_gmt":"2025-09-29T09:10:43","guid":{"rendered":"https:\/\/cavedivinea.com\/boutique\/alcohol-free-wine\/"},"modified":"2025-10-24T10:26:11","modified_gmt":"2025-10-24T08:26:11","slug":"alcohol-free-wine","status":"publish","type":"product","link":"https:\/\/cavedivinea.com\/en\/boutique\/alcohol-free-wine\/","title":{"rendered":"Alcohol-free wine"},"content":{"rendered":"<p>Chavin non-alcoholic red and white wine bottle 75cl<\/p>\n<p>Dried Tomato Goat Cheese Delight 90g<\/p>\n<p>Gouda puff pastry cookies 50g<\/p>\n<p>Torres Black Truffle Chips 40g<\/p>\n<p>Divin\u00e9a Premium Gift Set<\/p>\n","protected":false},"excerpt":{"rendered":"<p>Chavin non-alcoholic red and white wine bottle<\/p>\n<p>Goat&#8217;s cheese delight with sun-dried tomatoes<\/p>\n<p>Gouda puff pastry cookies<\/p>\n<p>Torres black truffle <span class=\"s1\">chips<\/span><\/p>\n<p>Divin\u00e9a Premium Gift Set<\/p>\n","protected":false},"featured_media":6841,"comment_status":"closed","ping_status":"closed","template":"","format":[],"meta":{"_acf_changed":false,"_joinchat":[]},"color":[],"maison":[],"millesime":[],"pays":[],"region":[],"drink_type":[],"product_brand":[],"product_cat":[191],"product_tag":[],"class_list":{"0":"post-6842","1":"product","2":"type-product","3":"status-publish","4":"has-post-thumbnail","6":"product_cat-christmas-collection","8":"first","9":"instock","10":"sale","11":"taxable","12":"shipping-taxable","13":"purchasable","14":"product-type-bundle"},"bundled_by":[],"bundle_stock_status":"instock","bundle_stock_quantity":"","bundle_virtual":false,"bundle_layout":"default","bundle_add_to_cart_form_location":"default","bundle_editable_in_cart":false,"bundle_sold_individually_context":"product","bundle_item_grouping":"parent","bundle_min_size":"","bundle_max_size":"","bundle_price":{"price":{"min":{"incl_tax":"46","excl_tax":"38.33"},"max":{"incl_tax":"46","excl_tax":"38.33"}},"regular_price":{"min":{"incl_tax":"52.8","excl_tax":"44.01"},"max":{"incl_tax":"52.8","excl_tax":"44.01"}}},"bundled_items":[{"bundled_item_id":107,"product_id":7340,"menu_order":0,"quantity_min":1,"quantity_max":1,"quantity_default":1,"priced_individually":true,"shipped_individually":false,"override_title":false,"title":"Bottle of Chavin Rouge","override_description":false,"description":"Bottle of Chavin Rouge","optional":false,"hide_thumbnail":false,"discount":"12.88","override_variations":false,"allowed_variations":[""],"override_default_variation_attributes":false,"default_variation_attributes":[],"single_product_visibility":"hidden","cart_visibility":"hidden","order_visibility":"hidden","single_product_price_visibility":"visible","cart_price_visibility":"visible","order_price_visibility":"visible","stock_status":"in_stock"},{"bundled_item_id":108,"product_id":7340,"menu_order":0,"quantity_min":1,"quantity_max":1,"quantity_default":1,"priced_individually":true,"shipped_individually":false,"override_title":false,"title":"Bottle of Chavin Rouge","override_description":false,"description":"Bottle of Chavin Rouge","optional":false,"hide_thumbnail":false,"discount":"12.88","override_variations":false,"allowed_variations":[""],"override_default_variation_attributes":false,"default_variation_attributes":[],"single_product_visibility":"hidden","cart_visibility":"hidden","order_visibility":"hidden","single_product_price_visibility":"visible","cart_price_visibility":"visible","order_price_visibility":"visible","stock_status":"in_stock"},{"bundled_item_id":109,"product_id":6930,"menu_order":2,"quantity_min":1,"quantity_max":1,"quantity_default":1,"priced_individually":true,"shipped_individually":false,"override_title":false,"title":"D\u00e9lice De Ch\u00e8vre","override_description":false,"description":"D\u00e9lice De Ch\u00e8vre","optional":false,"hide_thumbnail":false,"discount":"12.88","override_variations":false,"allowed_variations":[""],"override_default_variation_attributes":false,"default_variation_attributes":[],"single_product_visibility":"hidden","cart_visibility":"hidden","order_visibility":"hidden","single_product_price_visibility":"visible","cart_price_visibility":"visible","order_price_visibility":"visible","stock_status":"in_stock"},{"bundled_item_id":110,"product_id":6956,"menu_order":3,"quantity_min":1,"quantity_max":1,"quantity_default":1,"priced_individually":true,"shipped_individually":false,"override_title":false,"title":"Mini Biscuits","override_description":false,"description":"Mini Biscuits","optional":false,"hide_thumbnail":false,"discount":"12.88","override_variations":false,"allowed_variations":[""],"override_default_variation_attributes":false,"default_variation_attributes":[],"single_product_visibility":"hidden","cart_visibility":"hidden","order_visibility":"hidden","single_product_price_visibility":"visible","cart_price_visibility":"visible","order_price_visibility":"visible","stock_status":"in_stock"},{"bundled_item_id":111,"product_id":6970,"menu_order":4,"quantity_min":1,"quantity_max":1,"quantity_default":1,"priced_individually":true,"shipped_individually":false,"override_title":false,"title":"Truffle chips","override_description":false,"description":"Truffle chips","optional":false,"hide_thumbnail":false,"discount":"12.88","override_variations":false,"allowed_variations":[""],"override_default_variation_attributes":false,"default_variation_attributes":[],"single_product_visibility":"hidden","cart_visibility":"hidden","order_visibility":"hidden","single_product_price_visibility":"visible","cart_price_visibility":"visible","order_price_visibility":"visible","stock_status":"in_stock"},{"bundled_item_id":191,"product_id":7806,"menu_order":5,"quantity_min":1,"quantity_max":1,"quantity_default":1,"priced_individually":true,"shipped_individually":false,"override_title":false,"title":"Divin\u00e9a set","override_description":false,"description":"Divin\u00e9a set","optional":false,"hide_thumbnail":false,"discount":"12.75","override_variations":false,"allowed_variations":[""],"override_default_variation_attributes":false,"default_variation_attributes":[],"single_product_visibility":"hidden","cart_visibility":"hidden","order_visibility":"hidden","single_product_price_visibility":"visible","cart_price_visibility":"visible","order_price_visibility":"visible","stock_status":"in_stock"}],"bundle_sell_ids":[],"acf":[],"_links":{"self":[{"href":"https:\/\/cavedivinea.com\/en\/wp-json\/wp\/v2\/product\/6842","targetHints":{"allow":["GET"]}}],"collection":[{"href":"https:\/\/cavedivinea.com\/en\/wp-json\/wp\/v2\/product"}],"about":[{"href":"https:\/\/cavedivinea.com\/en\/wp-json\/wp\/v2\/types\/product"}],"replies":[{"embeddable":true,"href":"https:\/\/cavedivinea.com\/en\/wp-json\/wp\/v2\/comments?post=6842"}],"wp:featuredmedia":[{"embeddable":true,"href":"https:\/\/cavedivinea.com\/en\/wp-json\/wp\/v2\/media\/6841"}],"wp:attachment":[{"href":"https:\/\/cavedivinea.com\/en\/wp-json\/wp\/v2\/media?parent=6842"}],"wp:term":[{"taxonomy":"color","embeddable":true,"href":"https:\/\/cavedivinea.com\/en\/wp-json\/wp\/v2\/color?post=6842"},{"taxonomy":"format","embeddable":true,"href":"https:\/\/cavedivinea.com\/en\/wp-json\/wp\/v2\/format?post=6842"},{"taxonomy":"maison","embeddable":true,"href":"https:\/\/cavedivinea.com\/en\/wp-json\/wp\/v2\/maison?post=6842"},{"taxonomy":"millesime","embeddable":true,"href":"https:\/\/cavedivinea.com\/en\/wp-json\/wp\/v2\/millesime?post=6842"},{"taxonomy":"pays","embeddable":true,"href":"https:\/\/cavedivinea.com\/en\/wp-json\/wp\/v2\/pays?post=6842"},{"taxonomy":"region","embeddable":true,"href":"https:\/\/cavedivinea.com\/en\/wp-json\/wp\/v2\/region?post=6842"},{"taxonomy":"drink_type","embeddable":true,"href":"https:\/\/cavedivinea.com\/en\/wp-json\/wp\/v2\/drink_type?post=6842"},{"taxonomy":"product_brand","embeddable":true,"href":"https:\/\/cavedivinea.com\/en\/wp-json\/wp\/v2\/product_brand?post=6842"},{"taxonomy":"product_cat","embeddable":true,"href":"https:\/\/cavedivinea.com\/en\/wp-json\/wp\/v2\/product_cat?post=6842"},{"taxonomy":"product_tag","embeddable":true,"href":"https:\/\/cavedivinea.com\/en\/wp-json\/wp\/v2\/product_tag?post=6842"}],"curies":[{"name":"wp","href":"https:\/\/api.w.org\/{rel}","templated":true}]}}